{"id":383,"date":"2021-07-19T21:55:36","date_gmt":"2021-07-20T00:55:36","guid":{"rendered":"https:\/\/localhost\/wordpress\/?page_id=383"},"modified":"2024-08-06T14:55:17","modified_gmt":"2024-08-06T17:55:17","slug":"principal2","status":"publish","type":"page","link":"https:\/\/www.linc.com.br\/","title":{"rendered":"Principal2"},"content":{"rendered":"\t\t<div data-elementor-type=\"wp-page\" data-elementor-id=\"383\" class=\"elementor elementor-383\" data-elementor-settings=\"[]\">\n\t\t\t\t\t\t\t<div class=\"elementor-section-wrap\">\n\t\t\t\t\t\t\t<section class=\"elementor-section elementor-top-section elementor-element elementor-element-7f0a0538 elementor-section-height-min-height elementor-section-content-middle elementor-section-boxed elementor-section-height-default elementor-section-items-middle\" data-id=\"7f0a0538\" data-element_type=\"section\" data-settings=\"{&quot;background_background&quot;:&quot;classic&quot;}\">\n\t\t\t\t\t\t\t<div class=\"elementor-background-overlay\"><\/div>\n\t\t\t\t\t\t\t<div class=\"elementor-container elementor-column-gap-default\">\n\t\t\t\t\t<div class=\"elementor-column elementor-col-100 elementor-top-column elementor-element elementor-element-535f95dd\" data-id=\"535f95dd\" data-element_type=\"column\">\n\t\t\t<div class=\"elementor-widget-wrap\">\n\t\t\t\t\t\t\t\t\t<\/div>\n\t\t<\/div>\n\t\t\t\t\t\t\t<\/div>\n\t\t<\/section>\n\t\t\t\t<section class=\"elementor-section elementor-top-section elementor-element elementor-element-59f5dc0f elementor-section-content-middle elementor-section-boxed elementor-section-height-default elementor-section-height-default\" data-id=\"59f5dc0f\" data-element_type=\"section\" data-settings=\"{&quot;background_background&quot;:&quot;classic&quot;}\">\n\t\t\t\t\t\t<div class=\"elementor-container elementor-column-gap-default\">\n\t\t\t\t\t<div class=\"elementor-column elementor-col-50 elementor-top-column elementor-element elementor-element-7b454ca5\" data-id=\"7b454ca5\" data-element_type=\"column\">\n\t\t\t<div class=\"elementor-widget-wrap elementor-element-populated\">\n\t\t\t\t\t\t\t\t<div class=\"elementor-element elementor-element-63d20e3a elementor-widget elementor-widget-heading\" data-id=\"63d20e3a\" data-element_type=\"widget\" data-widget_type=\"heading.default\">\n\t\t\t\t<div class=\"elementor-widget-container\">\n\t\t\t<h2 class=\"elementor-heading-title elementor-size-large\">Forlin<\/h2>\t\t<\/div>\n\t\t\t\t<\/div>\n\t\t\t\t<div class=\"elementor-element elementor-element-4fbd9376 elementor-widget-divider--view-line elementor-widget elementor-widget-divider\" data-id=\"4fbd9376\" data-element_type=\"widget\" data-widget_type=\"divider.default\">\n\t\t\t\t<div class=\"elementor-widget-container\">\n\t\t\t\t\t<div class=\"elementor-divider\">\n\t\t\t<span class=\"elementor-divider-separator\">\n\t\t\t\t\t\t<\/span>\n\t\t<\/div>\n\t\t\t\t<\/div>\n\t\t\t\t<\/div>\n\t\t\t\t<div class=\"elementor-element elementor-element-62fb52bd elementor-widget elementor-widget-text-editor\" data-id=\"62fb52bd\" data-element_type=\"widget\" data-widget_type=\"text-editor.default\">\n\t\t\t\t<div class=\"elementor-widget-container\">\n\t\t\t\t\t\t\t\t<p style=\"text-align: left;\">Em ambientes onde a higiene e limpeza s\u00e3o fundamentais, voc\u00ea deve utilizar o pano de limpeza em N\u00e3otecido\u00a0<strong>Forlin\u00ae<\/strong>: um produto diferenciado, especialmente desenvolvido para uso em cozinhas industriais, refeit\u00f3rios, fast foods, restaurantes, hot\u00e9is, caterings, hospitais, laborat\u00f3rios, ind\u00fastrias aliment\u00edcias, supermercados, enfim, onde limpeza seja a palavra de ordem.<\/p>\t\t\t\t\t\t<\/div>\n\t\t\t\t<\/div>\n\t\t\t\t\t<\/div>\n\t\t<\/div>\n\t\t\t\t<div class=\"elementor-column elementor-col-50 elementor-top-column elementor-element elementor-element-1fc54658 elementor-sm-100\" data-id=\"1fc54658\" data-element_type=\"column\">\n\t\t\t<div class=\"elementor-widget-wrap elementor-element-populated\">\n\t\t\t\t\t\t\t\t<div class=\"elementor-element elementor-element-749f53e2 gallery-spacing-custom elementor-widget elementor-widget-image-gallery\" data-id=\"749f53e2\" data-element_type=\"widget\" data-widget_type=\"image-gallery.default\">\n\t\t\t\t<div class=\"elementor-widget-container\">\n\t\t\t\t\t<div class=\"elementor-image-gallery\">\n\t\t\t<div id='gallery-1' class='gallery galleryid-383 gallery-columns-2 gallery-size-full'><figure class='gallery-item'>\n\t\t\t<div class='gallery-icon landscape'>\n\t\t\t\t<a data-elementor-open-lightbox=\"yes\" data-elementor-lightbox-slideshow=\"749f53e2\" data-elementor-lightbox-title=\"forlin\" href='https:\/\/www.linc.com.br\/wp-content\/uploads\/2021\/07\/forlin-1.jpg'><img loading=\"lazy\" decoding=\"async\" width=\"334\" height=\"290\" src=\"https:\/\/www.linc.com.br\/wp-content\/uploads\/2021\/07\/forlin-1.jpg\" class=\"attachment-full size-full\" alt=\"\" srcset=\"https:\/\/www.linc.com.br\/wp-content\/uploads\/2021\/07\/forlin-1.jpg 334w, https:\/\/www.linc.com.br\/wp-content\/uploads\/2021\/07\/forlin-1-300x260.jpg 300w\" sizes=\"auto, (max-width: 334px) 100vw, 334px\" \/><\/a>\n\t\t\t<\/div><\/figure><figure class='gallery-item'>\n\t\t\t<div class='gallery-icon landscape'>\n\t\t\t\t<a data-elementor-open-lightbox=\"yes\" data-elementor-lightbox-slideshow=\"749f53e2\" data-elementor-lightbox-title=\"imgFacilim\" href='https:\/\/www.linc.com.br\/wp-content\/uploads\/2021\/07\/imgFacilim-1.jpg'><img loading=\"lazy\" decoding=\"async\" width=\"335\" height=\"290\" src=\"https:\/\/www.linc.com.br\/wp-content\/uploads\/2021\/07\/imgFacilim-1.jpg\" class=\"attachment-full size-full\" alt=\"\" srcset=\"https:\/\/www.linc.com.br\/wp-content\/uploads\/2021\/07\/imgFacilim-1.jpg 335w, https:\/\/www.linc.com.br\/wp-content\/uploads\/2021\/07\/imgFacilim-1-300x260.jpg 300w\" sizes=\"auto, (max-width: 335px) 100vw, 335px\" \/><\/a>\n\t\t\t<\/div><\/figure><figure class='gallery-item'>\n\t\t\t<div class='gallery-icon landscape'>\n\t\t\t\t<a data-elementor-open-lightbox=\"yes\" data-elementor-lightbox-slideshow=\"749f53e2\" data-elementor-lightbox-title=\"imgForlimInstitucional\" href='https:\/\/www.linc.com.br\/wp-content\/uploads\/2021\/07\/imgForlimInstitucional-1.jpg'><img loading=\"lazy\" decoding=\"async\" width=\"334\" height=\"290\" src=\"https:\/\/www.linc.com.br\/wp-content\/uploads\/2021\/07\/imgForlimInstitucional-1.jpg\" class=\"attachment-full size-full\" alt=\"\" srcset=\"https:\/\/www.linc.com.br\/wp-content\/uploads\/2021\/07\/imgForlimInstitucional-1.jpg 334w, https:\/\/www.linc.com.br\/wp-content\/uploads\/2021\/07\/imgForlimInstitucional-1-300x260.jpg 300w\" sizes=\"auto, (max-width: 334px) 100vw, 334px\" \/><\/a>\n\t\t\t<\/div><\/figure><figure class='gallery-item'>\n\t\t\t<div class='gallery-icon landscape'>\n\t\t\t\t<a data-elementor-open-lightbox=\"yes\" data-elementor-lightbox-slideshow=\"749f53e2\" data-elementor-lightbox-title=\"imgSoftlinManfort\" href='https:\/\/www.linc.com.br\/wp-content\/uploads\/2021\/07\/imgSoftlinManfort-1.jpg'><img loading=\"lazy\" decoding=\"async\" width=\"334\" height=\"290\" src=\"https:\/\/www.linc.com.br\/wp-content\/uploads\/2021\/07\/imgSoftlinManfort-1.jpg\" class=\"attachment-full size-full\" alt=\"\" srcset=\"https:\/\/www.linc.com.br\/wp-content\/uploads\/2021\/07\/imgSoftlinManfort-1.jpg 334w, https:\/\/www.linc.com.br\/wp-content\/uploads\/2021\/07\/imgSoftlinManfort-1-300x260.jpg 300w\" sizes=\"auto, (max-width: 334px) 100vw, 334px\" \/><\/a>\n\t\t\t<\/div><\/figure>\n\t\t<\/div>\n\t\t<\/div>\n\t\t\t\t<\/div>\n\t\t\t\t<\/div>\n\t\t\t\t\t<\/div>\n\t\t<\/div>\n\t\t\t\t\t\t\t<\/div>\n\t\t<\/section>\n\t\t\t\t<section class=\"elementor-section elementor-top-section elementor-element elementor-element-53a01522 elementor-section-boxed elementor-section-height-default elementor-section-height-default\" data-id=\"53a01522\" data-element_type=\"section\" data-settings=\"{&quot;background_background&quot;:&quot;classic&quot;}\">\n\t\t\t\t\t\t<div class=\"elementor-container elementor-column-gap-no\">\n\t\t\t\t\t<div class=\"elementor-column elementor-col-100 elementor-top-column elementor-element elementor-element-162d3cbd\" data-id=\"162d3cbd\" data-element_type=\"column\">\n\t\t\t<div class=\"elementor-widget-wrap elementor-element-populated\">\n\t\t\t\t\t\t\t\t<section class=\"elementor-section elementor-inner-section elementor-element elementor-element-4f5947da elementor-section-content-middle elementor-section-boxed elementor-section-height-default elementor-section-height-default\" data-id=\"4f5947da\" data-element_type=\"section\">\n\t\t\t\t\t\t<div class=\"elementor-container elementor-column-gap-no\">\n\t\t\t\t\t<div class=\"elementor-column elementor-col-50 elementor-inner-column elementor-element elementor-element-5e5231c4\" data-id=\"5e5231c4\" data-element_type=\"column\" data-settings=\"{&quot;background_background&quot;:&quot;classic&quot;}\">\n\t\t\t<div class=\"elementor-widget-wrap elementor-element-populated\">\n\t\t\t\t\t\t\t\t<div class=\"elementor-element elementor-element-773f2f17 elementor-widget elementor-widget-heading\" data-id=\"773f2f17\" data-element_type=\"widget\" data-widget_type=\"heading.default\">\n\t\t\t\t<div class=\"elementor-widget-container\">\n\t\t\t<h3 class=\"elementor-heading-title elementor-size-large\">Palestras<\/h3>\t\t<\/div>\n\t\t\t\t<\/div>\n\t\t\t\t<div class=\"elementor-element elementor-element-10c38aba elementor-widget-divider--view-line elementor-widget elementor-widget-divider\" data-id=\"10c38aba\" data-element_type=\"widget\" data-widget_type=\"divider.default\">\n\t\t\t\t<div class=\"elementor-widget-container\">\n\t\t\t\t\t<div class=\"elementor-divider\">\n\t\t\t<span class=\"elementor-divider-separator\">\n\t\t\t\t\t\t<\/span>\n\t\t<\/div>\n\t\t\t\t<\/div>\n\t\t\t\t<\/div>\n\t\t\t\t<div class=\"elementor-element elementor-element-7dcb356f elementor-widget elementor-widget-text-editor\" data-id=\"7dcb356f\" data-element_type=\"widget\" data-widget_type=\"text-editor.default\">\n\t\t\t\t<div class=\"elementor-widget-container\">\n\t\t\t\t\t\t\t\t<p><span style=\"color: #101084;\">A LINC, buscando aprimorar e oferecer solu\u00e7\u00f5es pr\u00e1ticas aos seus parceiros, tem patrocinado palestras cujo objetivo principal \u00e9 capacitar e reciclar profissionais altamente competentes.<\/span><\/p>\t\t\t\t\t\t<\/div>\n\t\t\t\t<\/div>\n\t\t\t\t\t<\/div>\n\t\t<\/div>\n\t\t\t\t<div class=\"elementor-column elementor-col-50 elementor-inner-column elementor-element elementor-element-3cb47519\" data-id=\"3cb47519\" data-element_type=\"column\" data-settings=\"{&quot;background_background&quot;:&quot;classic&quot;}\">\n\t\t\t<div class=\"elementor-widget-wrap elementor-element-populated\">\n\t\t\t\t\t\t\t\t<div class=\"elementor-element elementor-element-90cb2b9 elementor-widget elementor-widget-spacer\" data-id=\"90cb2b9\" data-element_type=\"widget\" data-widget_type=\"spacer.default\">\n\t\t\t\t<div class=\"elementor-widget-container\">\n\t\t\t\t\t<div class=\"elementor-spacer\">\n\t\t\t<div class=\"elementor-spacer-inner\"><\/div>\n\t\t<\/div>\n\t\t\t\t<\/div>\n\t\t\t\t<\/div>\n\t\t\t\t\t<\/div>\n\t\t<\/div>\n\t\t\t\t\t\t\t<\/div>\n\t\t<\/section>\n\t\t\t\t<section class=\"elementor-section elementor-inner-section elementor-element elementor-element-5bae96ff elementor-section-content-middle elementor-reverse-mobile elementor-section-boxed elementor-section-height-default elementor-section-height-default\" data-id=\"5bae96ff\" data-element_type=\"section\">\n\t\t\t\t\t\t<div class=\"elementor-container elementor-column-gap-no\">\n\t\t\t\t\t<div class=\"elementor-column elementor-col-50 elementor-inner-column elementor-element elementor-element-431aa2ba\" data-id=\"431aa2ba\" data-element_type=\"column\" data-settings=\"{&quot;background_background&quot;:&quot;classic&quot;}\">\n\t\t\t<div class=\"elementor-widget-wrap elementor-element-populated\">\n\t\t\t\t\t\t\t\t<div class=\"elementor-element elementor-element-8e89774 elementor-widget elementor-widget-image\" data-id=\"8e89774\" data-element_type=\"widget\" data-widget_type=\"image.default\">\n\t\t\t\t<div class=\"elementor-widget-container\">\n\t\t\t\t\t\t\t\t\t\t\t\t\t\t\t<img loading=\"lazy\" decoding=\"async\" width=\"150\" height=\"150\" src=\"https:\/\/www.linc.com.br\/wp-content\/uploads\/2021\/07\/iso-150x150.jpg\" class=\"attachment-thumbnail size-thumbnail\" alt=\"\" \/>\t\t\t\t\t\t\t\t\t\t\t\t\t\t\t<\/div>\n\t\t\t\t<\/div>\n\t\t\t\t\t<\/div>\n\t\t<\/div>\n\t\t\t\t<div class=\"elementor-column elementor-col-50 elementor-inner-column elementor-element elementor-element-6ce567f0\" data-id=\"6ce567f0\" data-element_type=\"column\" data-settings=\"{&quot;background_background&quot;:&quot;classic&quot;}\">\n\t\t\t<div class=\"elementor-widget-wrap elementor-element-populated\">\n\t\t\t\t\t\t\t\t<div class=\"elementor-element elementor-element-e09d8d9 elementor-widget elementor-widget-heading\" data-id=\"e09d8d9\" data-element_type=\"widget\" data-widget_type=\"heading.default\">\n\t\t\t\t<div class=\"elementor-widget-container\">\n\t\t\t<h3 class=\"elementor-heading-title elementor-size-large\">ISO 9001:2015\u200b<\/h3>\t\t<\/div>\n\t\t\t\t<\/div>\n\t\t\t\t<div class=\"elementor-element elementor-element-51c65b06 elementor-widget-divider--view-line elementor-widget elementor-widget-divider\" data-id=\"51c65b06\" data-element_type=\"widget\" data-widget_type=\"divider.default\">\n\t\t\t\t<div class=\"elementor-widget-container\">\n\t\t\t\t\t<div class=\"elementor-divider\">\n\t\t\t<span class=\"elementor-divider-separator\">\n\t\t\t\t\t\t<\/span>\n\t\t<\/div>\n\t\t\t\t<\/div>\n\t\t\t\t<\/div>\n\t\t\t\t<div class=\"elementor-element elementor-element-2df3313f elementor-widget elementor-widget-text-editor\" data-id=\"2df3313f\" data-element_type=\"widget\" data-widget_type=\"text-editor.default\">\n\t\t\t\t<div class=\"elementor-widget-container\">\n\t\t\t\t\t\t\t\t<p><span style=\"color: #101084;\">A LINC foi recertificada pelo cumprimento de normas e procedimentos do Sistema de Gest\u00e3o da Qualidade, gra\u00e7as ao trabalho, uni\u00e3o, coopera\u00e7\u00e3o e capacidade de seus funcion\u00e1rios e colaboradores.<\/span><\/p>\t\t\t\t\t\t<\/div>\n\t\t\t\t<\/div>\n\t\t\t\t<div class=\"elementor-element elementor-element-d553831 elementor-widget elementor-widget-button\" data-id=\"d553831\" data-element_type=\"widget\" data-widget_type=\"button.default\">\n\t\t\t\t<div class=\"elementor-widget-container\">\n\t\t\t\t\t<div class=\"elementor-button-wrapper\">\n\t\t\t<a href=\"https:\/\/www.linc.com.br\/index.php\/certificado-2\/\" class=\"elementor-button-link elementor-button elementor-size-sm\" role=\"button\">\n\t\t\t\t\t\t<span class=\"elementor-button-content-wrapper\">\n\t\t\t\t\t\t<span class=\"elementor-button-text\">Clique Aqui! Para ver o certificado<\/span>\n\t\t<\/span>\n\t\t\t\t\t<\/a>\n\t\t<\/div>\n\t\t\t\t<\/div>\n\t\t\t\t<\/div>\n\t\t\t\t\t<\/div>\n\t\t<\/div>\n\t\t\t\t\t\t\t<\/div>\n\t\t<\/section>\n\t\t\t\t<section class=\"elementor-section elementor-inner-section elementor-element elementor-element-33a8164 elementor-section-content-middle elementor-section-boxed elementor-section-height-default elementor-section-height-default\" data-id=\"33a8164\" data-element_type=\"section\">\n\t\t\t\t\t\t<div class=\"elementor-container elementor-column-gap-no\">\n\t\t\t\t\t<div class=\"elementor-column elementor-col-50 elementor-inner-column elementor-element elementor-element-db78a2f\" data-id=\"db78a2f\" data-element_type=\"column\" data-settings=\"{&quot;background_background&quot;:&quot;classic&quot;}\">\n\t\t\t<div class=\"elementor-widget-wrap elementor-element-populated\">\n\t\t\t\t\t\t\t\t<div class=\"elementor-element elementor-element-738a596 elementor-widget elementor-widget-heading\" data-id=\"738a596\" data-element_type=\"widget\" data-widget_type=\"heading.default\">\n\t\t\t\t<div class=\"elementor-widget-container\">\n\t\t\t<h3 class=\"elementor-heading-title elementor-size-large\"><h3 class=\"elementor-heading-title elementor-size-large elementor-inline-editing pen\" data-elementor-setting-key=\"title\" data-pen-placeholder=\"Type Here...\" style=\"font-variant-ligatures: normal; font-variant-caps: normal; font-style: normal; font-weight: var( --e-global-typography-primary-font-weight );\">TREINAMENTOS<\/h3><\/h3>\t\t<\/div>\n\t\t\t\t<\/div>\n\t\t\t\t<div class=\"elementor-element elementor-element-f7cff6d elementor-widget-divider--view-line elementor-widget elementor-widget-divider\" data-id=\"f7cff6d\" data-element_type=\"widget\" data-widget_type=\"divider.default\">\n\t\t\t\t<div class=\"elementor-widget-container\">\n\t\t\t\t\t<div class=\"elementor-divider\">\n\t\t\t<span class=\"elementor-divider-separator\">\n\t\t\t\t\t\t<\/span>\n\t\t<\/div>\n\t\t\t\t<\/div>\n\t\t\t\t<\/div>\n\t\t\t\t<div class=\"elementor-element elementor-element-b8c9067 elementor-widget elementor-widget-text-editor\" data-id=\"b8c9067\" data-element_type=\"widget\" data-widget_type=\"text-editor.default\">\n\t\t\t\t<div class=\"elementor-widget-container\">\n\t\t\t\t\t\t\t\t<p>A\u00a0<strong>LINC<\/strong> oferece treinamento aos usu\u00e1rios do N\u00e3otecido para Limpeza Forlin\u00ae com bactericida, cujo intuito \u00e9 fazer uso do produto de forma mais adequada e econ\u00f4mica, proporcionando uma higiene e limpeza mais eficaz.<\/p>\t\t\t\t\t\t<\/div>\n\t\t\t\t<\/div>\n\t\t\t\t\t<\/div>\n\t\t<\/div>\n\t\t\t\t<div class=\"elementor-column elementor-col-50 elementor-inner-column elementor-element elementor-element-8d47bf8\" data-id=\"8d47bf8\" data-element_type=\"column\" data-settings=\"{&quot;background_background&quot;:&quot;classic&quot;}\">\n\t\t\t<div class=\"elementor-widget-wrap elementor-element-populated\">\n\t\t\t\t\t\t\t\t<div class=\"elementor-element elementor-element-dedf51d elementor-widget elementor-widget-spacer\" data-id=\"dedf51d\" data-element_type=\"widget\" data-widget_type=\"spacer.default\">\n\t\t\t\t<div class=\"elementor-widget-container\">\n\t\t\t\t\t<div class=\"elementor-spacer\">\n\t\t\t<div class=\"elementor-spacer-inner\"><\/div>\n\t\t<\/div>\n\t\t\t\t<\/div>\n\t\t\t\t<\/div>\n\t\t\t\t\t<\/div>\n\t\t<\/div>\n\t\t\t\t\t\t\t<\/div>\n\t\t<\/section>\n\t\t\t\t\t<\/div>\n\t\t<\/div>\n\t\t\t\t\t\t\t<\/div>\n\t\t<\/section>\n\t\t\t\t\t\t<\/div>\n\t\t\t\t\t<\/div>\n\t\t","protected":false},"excerpt":{"rendered":"<p>Forlin Em ambientes onde a higiene e limpeza s\u00e3o fundamentais, voc\u00ea deve utilizar o pano de limpeza em N\u00e3otecido\u00a0Forlin\u00ae: um produto diferenciado, especialmente desenvolvido para uso em cozinhas industriais, refeit\u00f3rios, fast foods, restaurantes, hot\u00e9is, caterings, hospitais, laborat\u00f3rios, ind\u00fastrias aliment\u00edcias, supermercados, enfim, onde limpeza seja a palavra de ordem. Palestras A LINC, buscando aprimorar e oferecer [&hellip;]<\/p>\n","protected":false},"author":1,"featured_media":0,"parent":0,"menu_order":0,"comment_status":"closed","ping_status":"closed","template":"","meta":{"footnotes":""},"class_list":["post-383","page","type-page","status-publish","hentry","entry"],"_links":{"self":[{"href":"https:\/\/www.linc.com.br\/index.php\/wp-json\/wp\/v2\/pages\/383","targetHints":{"allow":["GET"]}}],"collection":[{"href":"https:\/\/www.linc.com.br\/index.php\/wp-json\/wp\/v2\/pages"}],"about":[{"href":"https:\/\/www.linc.com.br\/index.php\/wp-json\/wp\/v2\/types\/page"}],"author":[{"embeddable":true,"href":"https:\/\/www.linc.com.br\/index.php\/wp-json\/wp\/v2\/users\/1"}],"replies":[{"embeddable":true,"href":"https:\/\/www.linc.com.br\/index.php\/wp-json\/wp\/v2\/comments?post=383"}],"version-history":[{"count":145,"href":"https:\/\/www.linc.com.br\/index.php\/wp-json\/wp\/v2\/pages\/383\/revisions"}],"predecessor-version":[{"id":5166,"href":"https:\/\/www.linc.com.br\/index.php\/wp-json\/wp\/v2\/pages\/383\/revisions\/5166"}],"wp:attachment":[{"href":"https:\/\/www.linc.com.br\/index.php\/wp-json\/wp\/v2\/media?parent=383"}],"curies":[{"name":"wp","href":"https:\/\/api.w.org\/{rel}","templated":true}]}}